{"id":4019,"date":"2024-05-12T02:26:42","date_gmt":"2024-05-12T00:26:42","guid":{"rendered":"https:\/\/evidency.io\/contact\/"},"modified":"2026-01-20T15:03:50","modified_gmt":"2026-01-20T14:03:50","slug":"contact-evidency","status":"publish","type":"page","link":"https:\/\/evidency.io\/en\/contact-evidency\/","title":{"rendered":"Contact us"},"content":{"rendered":"<p>[et_pb_section fb_built=\u201d1\u2033 custom_padding_last_edited=\u201don|phone\u201d _builder_version=\u201d4.25.1\u2033 _module_preset=\u201ddefault\u201d background_color=\u201dgcid-de56746c-5019-44c5-9aa3-e68561b14a98\u2033 custom_margin=\u201d||-2px||false|false\u201d custom_padding=\u201d||0px||false|false\u201d custom_padding_tablet=\u201d10%||||false|false\u201d custom_padding_phone=\u201d10%||0px||false|false\u201d global_colors_info=\u201d{%22gcid-de56746c-5019-44c5-9aa3-e68561b14a98%22:%91%22background_color%22%93}\u201d][et_pb_row custom_padding_last_edited=\u201don|desktop\u201d _builder_version=\u201d4.25.1\u2033 _module_preset=\u201d55cb5198-f877-4aef-a4fb-08b4f0edc145\u2033 custom_padding=\u201d||0px||false|false\u201d custom_padding_tablet=\u201d||0px||false|false\u201d custom_padding_phone=\u201d||0px||false|false\u201d custom_css_main_element=\u201dalign-items: center;\u201d global_colors_info=\u201d{}\u201d][et_pb_column type=\u201d4_4\u2033 _builder_version=\u201d4.25.1\u2033 _module_preset=\u201ddefault\u201d global_colors_info=\u201d{}\u201d][et_pb_text disabled_on=\u201doff|off|off\u201d _builder_version=\u201d4.27.0\u2033 _module_preset=\u201d1d153ad0-1201-4b87-a256-2bf06c3833dd\u201d header_font=\u201dPoppins|600|||||||\u201d header_text_color=\u201dgcid-a257e6c6-29da-4a91-b62f-197a41b3f0b0\u2033 header_font_size=\u201d50px\u201d header_font_size_last_edited=\u201doff|desktop\u201d global_colors_info=\u201d{%22gcid-a257e6c6-29da-4a91-b62f-197a41b3f0b0%22:%91%22header_text_color%22%93}\u201d]<\/p>\n<h1>Contact<\/h1>\n<p>[\/et_pb_text][\/et_pb_column][\/et_pb_row][\/et_pb_section][et_pb_section fb_built=\u201d1\u2033 _builder_version=\u201d4.25.1\u2033 _module_preset=\u201ddefault\u201d background_enable_color=\u201doff\u201d custom_margin=\u201d||||false|false\u201d custom_padding=\u201d||||false|false\u201d global_colors_info=\u201d{%22gcid-de56746c-5019-44c5-9aa3-e68561b14a98%22:%91%22background_color%22%93}\u201d][et_pb_row column_structure=\u201d3_5,2_5\u2033 gutter_width=\u201d4\u2033 make_equal=\u201doff\u201d _builder_version=\u201d4.25.1\u2033 _module_preset=\u201d55cb5198-f877-4aef-a4fb-08b4f0edc145\u2033 custom_padding=\u201d0px|||||\u201d global_colors_info=\u201d{}\u201d][et_pb_column type=\u201d3_5\u2033 _builder_version=\u201d4.25.1\u2033 _module_preset=\u201ddefault\u201d background_color=\u201d#FFFFFF\u201d custom_padding=\u201d||||true|true\u201d custom_padding_tablet=\u201d||||true|true\u201d custom_padding_phone=\u201d||||true|true\u201d custom_padding_last_edited=\u201don|phone\u201d global_colors_info=\u201d{}\u201d][et_pb_code _builder_version=\u201d4.27.0\u2033 _module_preset=\u201ddefault\u201d global_colors_info=\u201d{}\u201d]<script charset=\"utf-8\" type=\"text\/javascript\" src=\"\/\/js.hsforms.net\/forms\/embed\/v2.js\"><\/script><!-- [et_pb_line_break_holder] --><script><!-- [et_pb_line_break_holder] --> hbspt.forms.create({<!-- [et_pb_line_break_holder] -->   region: \"na1\",<!-- [et_pb_line_break_holder] -->   portalId: \"8906079\",<!-- [et_pb_line_break_holder] -->   formId: \"1746352c-f804-4705-833a-3d86b7b48438\"<!-- [et_pb_line_break_holder] --> });<!-- [et_pb_line_break_holder] --><\/script><!-- [et_pb_line_break_holder] -->[\/et_pb_code][\/et_pb_column][et_pb_column type=\u201d2_5\u2033 _builder_version=\u201d4.25.1\u2033 _module_preset=\u201ddefault\u201d background_color=\u201d#FFFFFF\u201d custom_padding=\u201d||||true|true\u201d custom_padding_tablet=\u201d||||true|true\u201d custom_padding_phone=\u201d||||true|true\u201d custom_padding_last_edited=\u201don|phone\u201d global_colors_info=\u201d{}\u201d][et_pb_text _builder_version=\u201d4.27.0\u2033 _module_preset=\u201d638cf477-2cb9-4f29-b068-5ffbd85cc1a5\u2033 text_orientation=\u201dleft\u201d custom_margin=\u201d||50px||false|false\u201d custom_padding=\u201d0%|0%|0%|0%|true|true\u201d global_colors_info=\u201d{}\u201d]<\/p>\n<p>Our team of IT and legal experts is on hand to assist you in assessing your business needs and developing your digital evidence management process.<\/p>\n<p>[\/et_pb_text][et_pb_text _builder_version=\u201d4.25.1\u2033 _module_preset=\u201ddefault\u201d text_font=\u201dPoppins|600|||||||\u201d text_text_color=\u201dgcid-a257e6c6-29da-4a91-b62f-197a41b3f0b0\u2033 text_font_size=\u201d28px\u201d background_color=\u201dgcid-de56746c-5019-44c5-9aa3-e68561b14a98\u2033 custom_margin=\u201d||0px||false|false\u201d custom_padding=\u201d7%|7%|20px|7%|false|true\u201d border_radii=\u201doff|25px|25px||\u201d global_colors_info=\u201d{%22gcid-a257e6c6-29da-4a91-b62f-197a41b3f0b0%22:%91%22text_text_color%22%93,%22gcid-de56746c-5019-44c5-9aa3-e68561b14a98%22:%91%22background_color%22%93}\u201d]<\/p>\n<p>Our offices<\/p>\n<p>[\/et_pb_text][et_pb_text _builder_version=\u201d4.25.1\u2033 _module_preset=\u201d30876287-f424-4472-9595-721130f9329a\u201d link_text_color=\u201dgcid-0cbbf979-5206-4c61-bbf6-6ed957c0e242\u2033 background_color=\u201dgcid-de56746c-5019-44c5-9aa3-e68561b14a98\u2033 text_orientation=\u201dleft\u201d custom_padding=\u201d|7%|7%|7%|false|true\u201d border_radii=\u201doff|||25px|25px\u201d global_colors_info=\u201d{%22gcid-0e393495-7a5b-476d-8180-8798b0f31339%22:%91%22text_text_color%22,%22text_text_color%22,%22text_text_color%22%93,%22gcid-0cbbf979-5206-4c61-bbf6-6ed957c0e242%22:%91%22link_text_color%22%93,%22gcid-de56746c-5019-44c5-9aa3-e68561b14a98%22:%91%22background_color%22%93}\u201d]<\/p>\n<p><strong>Paris<\/strong><br>25 rue de la plaine<br>75020 Paris, France<br>+33 (0)6 77 13 52 92<\/p>\n<p><strong>London<\/strong><br>Spaces, Mappin House, 4 Winsley St<br>London, W1W 8HF, United Kingdom<\/p>\n<p><strong>Milan<\/strong><br>Corso di Porta Romana, 61<br>20122 Milano MI, Italia<\/p>\n<p><strong>Dubai<\/strong><br>Spaces \u2013 C1 Building \u2013 Level 1 Sheikh Zayed Rd<br>Trade Centre \u2013 Trade Centre 2 \u2013 Dubai<\/p>\n<p><strong>Madrid<\/strong><br>Spaces Avalon, Calle de Santa Leonor, 65<br>Edificio D<br>28037, Madrid, Spain<\/p>\n<p><strong>Geneva<\/strong><br>Rue de Gen\u00e8ve 18<br>1225 Ch\u00eane-Bourg Gen\u00e8ve, Switzerland<\/p>\n<p>\u00a0<a href=\"mailto:contact@evidency.io\"><\/a><\/p>\n<p><a href=\"mailto:contact@evidency.io\">contact@evidency.io<\/a><\/p>\n<p>[\/et_pb_text][\/et_pb_column][\/et_pb_row][\/et_pb_section][et_pb_section fb_built=\u201d1\u2033 custom_padding_last_edited=\u201don|phone\u201d _builder_version=\u201d4.27.0\u2033 _module_preset=\u201ddefault\u201d background_color=\u201dgcid-de56746c-5019-44c5-9aa3-e68561b14a98\u2033 background_image=\u201dhttps:\/\/evidency.io\/wp-content\/uploads\/2024\/09\/logo-coupe-gauche-2.svg\u201d background_size=\u201dinitial\u201d background_position=\u201dcenter_left\u201d custom_margin=\u201d||||false|false\u201d custom_padding=\u201d||||true|false\u201d custom_padding_tablet=\u201d0px||0px|||\u201d custom_padding_phone=\u201d5%||5%||true|false\u201d background_last_edited=\u201don|phone\u201d background_enable_image_phone=\u201doff\u201d global_colors_info=\u201d{%22gcid-de56746c-5019-44c5-9aa3-e68561b14a98%22:%91%22background_color%22%93}\u201d][et_pb_row _builder_version=\u201d4.25.1\u2033 _module_preset=\u201ddefault\u201d max_width=\u201d640px\u201d custom_margin=\u201d||2%||false|false\u201d custom_padding=\u201d5%||5%||true|false\u201d global_colors_info=\u201d{}\u201d][et_pb_column type=\u201d4_4\u2033 _builder_version=\u201d4.25.1\u2033 _module_preset=\u201ddefault\u201d global_colors_info=\u201d{}\u201d][et_pb_text _builder_version=\u201d4.27.0\u2033 _module_preset=\u201d30876287-f424-4472-9595-721130f9329a\u201d text_orientation=\u201dleft\u201d global_colors_info=\u201d{}\u201d]<\/p>\n<p>Evidency enables businesses to easily secure large volumes of data and critical documents for evidential purposes.<\/p>\n<p>We understand the critical importance of <strong>providing strong and undisputable evidence<\/strong> in a constantly evolving digital world. That\u2019s why our team of experts combines their technical know-how in timestamping and data security with a deep understanding of legal and regulatory requirements.<\/p>\n<p>Whether you need to secure your online transactions, protect sensitive documents, or ensure the integrity of your data, we are here to <strong>guide you<\/strong> at every step of the process. Rely on our dual expertise to provide reliable solutions tailored to your specific needs in digital evidence management.<\/p>\n<p>Evidency is a <strong>brand of APP Solutions<\/strong>.<\/p>\n<p>[\/et_pb_text][\/et_pb_column][\/et_pb_row][\/et_pb_section]<\/p>\n\n\n","protected":false},"excerpt":{"rendered":"<p>ContactOur team of IT and legal experts is on hand to assist you in assessing your business needs and developing your digital evidence management process.Our officesParis25 rue de la plaine75020 Paris, France+33 (0)6 77 13 52 92 LondonSpaces, Mappin House, 4 Winsley StLondon, W1W 8HF, United Kingdom MilanCorso di Porta Romana, 6120122 Milano MI, Italia [&hellip;]<\/p>\n","protected":false},"author":246879328,"featured_media":0,"parent":0,"menu_order":0,"comment_status":"closed","ping_status":"closed","template":"","meta":{"_acf_changed":false,"_et_pb_use_builder":"on","_et_pb_old_content":"","_et_gb_content_width":"","_lmt_disableupdate":"","_lmt_disable":"","footnotes":""},"class_list":["post-4019","page","type-page","status-publish","hentry"],"acf":[],"yoast_head":"<!-- This site is optimized with the Yoast SEO plugin v26.6 - https:\/\/yoast.com\/wordpress\/plugins\/seo\/ -->\n<title>Contact Evidency<\/title>\n<meta name=\"description\" content=\"Contact our team of experts to assess your needs for Qualified Electronic Timestamping or Seal and get a personalised quote\" \/>\n<meta name=\"robots\" content=\"index, follow, max-snippet:-1, max-image-preview:large, max-video-preview:-1\" \/>\n<link rel=\"canonical\" href=\"https:\/\/evidency.io\/en\/contact-evidency\/\" \/>\n<meta property=\"og:locale\" content=\"en_US\" \/>\n<meta property=\"og:type\" content=\"article\" \/>\n<meta property=\"og:title\" content=\"Contact Evidency\" \/>\n<meta property=\"og:description\" content=\"Contact our team of experts to assess your needs for Qualified Electronic Timestamping or Seal and get a personalised quote\" \/>\n<meta property=\"og:url\" content=\"https:\/\/evidency.io\/en\/contact-evidency\/\" \/>\n<meta property=\"og:site_name\" content=\"Evidency\" \/>\n<meta property=\"article:modified_time\" content=\"2026-01-20T14:03:50+00:00\" \/>\n<meta property=\"og:image\" content=\"https:\/\/evidency.io\/wp-content\/uploads\/2025\/11\/Preview-website-pages.webp\" \/>\n\t<meta property=\"og:image:width\" content=\"1200\" \/>\n\t<meta property=\"og:image:height\" content=\"675\" \/>\n\t<meta property=\"og:image:type\" content=\"image\/webp\" \/>\n<meta name=\"twitter:card\" content=\"summary_large_image\" \/>\n<meta name=\"twitter:label1\" content=\"Est. reading time\" \/>\n\t<meta name=\"twitter:data1\" content=\"1 minute\" \/>\n<script type=\"application\/ld+json\" class=\"yoast-schema-graph\">{\"@context\":\"https:\/\/schema.org\",\"@graph\":[{\"@type\":\"WebPage\",\"@id\":\"https:\/\/evidency.io\/en\/contact-evidency\/\",\"url\":\"https:\/\/evidency.io\/en\/contact-evidency\/\",\"name\":\"Contact Evidency\",\"isPartOf\":{\"@id\":\"https:\/\/evidency.io\/en\/#website\"},\"datePublished\":\"2024-05-12T00:26:42+00:00\",\"dateModified\":\"2026-01-20T14:03:50+00:00\",\"description\":\"Contact our team of experts to assess your needs for Qualified Electronic Timestamping or Seal and get a personalised quote\",\"breadcrumb\":{\"@id\":\"https:\/\/evidency.io\/en\/contact-evidency\/#breadcrumb\"},\"inLanguage\":\"en-US\",\"potentialAction\":[{\"@type\":\"ReadAction\",\"target\":[\"https:\/\/evidency.io\/en\/contact-evidency\/\"]}]},{\"@type\":\"BreadcrumbList\",\"@id\":\"https:\/\/evidency.io\/en\/contact-evidency\/#breadcrumb\",\"itemListElement\":[{\"@type\":\"ListItem\",\"position\":1,\"name\":\"Evidency\",\"item\":\"https:\/\/evidency.io\/en\/\"},{\"@type\":\"ListItem\",\"position\":2,\"name\":\"Contact us\"}]},{\"@type\":\"WebSite\",\"@id\":\"https:\/\/evidency.io\/en\/#website\",\"url\":\"https:\/\/evidency.io\/en\/\",\"name\":\"Evidency\",\"description\":\"Sp\u00e9cialiste de la preuve num\u00e9rique\",\"publisher\":{\"@id\":\"https:\/\/evidency.io\/en\/#organization\"},\"potentialAction\":[{\"@type\":\"SearchAction\",\"target\":{\"@type\":\"EntryPoint\",\"urlTemplate\":\"https:\/\/evidency.io\/en\/?s={search_term_string}\"},\"query-input\":{\"@type\":\"PropertyValueSpecification\",\"valueRequired\":true,\"valueName\":\"search_term_string\"}}],\"inLanguage\":\"en-US\"},{\"@type\":\"Organization\",\"@id\":\"https:\/\/evidency.io\/en\/#organization\",\"name\":\"Evidency\",\"url\":\"https:\/\/evidency.io\/en\/\",\"logo\":{\"@type\":\"ImageObject\",\"inLanguage\":\"en-US\",\"@id\":\"https:\/\/evidency.io\/en\/#\/schema\/logo\/image\/\",\"url\":\"https:\/\/evidency.io\/wp-content\/uploads\/2024\/09\/header-logo.svg\",\"contentUrl\":\"https:\/\/evidency.io\/wp-content\/uploads\/2024\/09\/header-logo.svg\",\"width\":275,\"height\":58,\"caption\":\"Evidency\"},\"image\":{\"@id\":\"https:\/\/evidency.io\/en\/#\/schema\/logo\/image\/\"},\"sameAs\":[\"https:\/\/www.linkedin.com\/company\/evidency-io\/\"]}]}<\/script>\n<!-- \/ Yoast SEO plugin. -->","yoast_head_json":{"title":"Contact Evidency","description":"Contact our team of experts to assess your needs for Qualified Electronic Timestamping or Seal and get a personalised quote","robots":{"index":"index","follow":"follow","max-snippet":"max-snippet:-1","max-image-preview":"max-image-preview:large","max-video-preview":"max-video-preview:-1"},"canonical":"https:\/\/evidency.io\/en\/contact-evidency\/","og_locale":"en_US","og_type":"article","og_title":"Contact Evidency","og_description":"Contact our team of experts to assess your needs for Qualified Electronic Timestamping or Seal and get a personalised quote","og_url":"https:\/\/evidency.io\/en\/contact-evidency\/","og_site_name":"Evidency","article_modified_time":"2026-01-20T14:03:50+00:00","og_image":[{"width":1200,"height":675,"url":"https:\/\/evidency.io\/wp-content\/uploads\/2025\/11\/Preview-website-pages.webp","type":"image\/webp"}],"twitter_card":"summary_large_image","twitter_misc":{"Est. reading time":"1 minute"},"schema":{"@context":"https:\/\/schema.org","@graph":[{"@type":"WebPage","@id":"https:\/\/evidency.io\/en\/contact-evidency\/","url":"https:\/\/evidency.io\/en\/contact-evidency\/","name":"Contact Evidency","isPartOf":{"@id":"https:\/\/evidency.io\/en\/#website"},"datePublished":"2024-05-12T00:26:42+00:00","dateModified":"2026-01-20T14:03:50+00:00","description":"Contact our team of experts to assess your needs for Qualified Electronic Timestamping or Seal and get a personalised quote","breadcrumb":{"@id":"https:\/\/evidency.io\/en\/contact-evidency\/#breadcrumb"},"inLanguage":"en-US","potentialAction":[{"@type":"ReadAction","target":["https:\/\/evidency.io\/en\/contact-evidency\/"]}]},{"@type":"BreadcrumbList","@id":"https:\/\/evidency.io\/en\/contact-evidency\/#breadcrumb","itemListElement":[{"@type":"ListItem","position":1,"name":"Evidency","item":"https:\/\/evidency.io\/en\/"},{"@type":"ListItem","position":2,"name":"Contact us"}]},{"@type":"WebSite","@id":"https:\/\/evidency.io\/en\/#website","url":"https:\/\/evidency.io\/en\/","name":"Evidency","description":"Sp\u00e9cialiste de la preuve num\u00e9rique","publisher":{"@id":"https:\/\/evidency.io\/en\/#organization"},"potentialAction":[{"@type":"SearchAction","target":{"@type":"EntryPoint","urlTemplate":"https:\/\/evidency.io\/en\/?s={search_term_string}"},"query-input":{"@type":"PropertyValueSpecification","valueRequired":true,"valueName":"search_term_string"}}],"inLanguage":"en-US"},{"@type":"Organization","@id":"https:\/\/evidency.io\/en\/#organization","name":"Evidency","url":"https:\/\/evidency.io\/en\/","logo":{"@type":"ImageObject","inLanguage":"en-US","@id":"https:\/\/evidency.io\/en\/#\/schema\/logo\/image\/","url":"https:\/\/evidency.io\/wp-content\/uploads\/2024\/09\/header-logo.svg","contentUrl":"https:\/\/evidency.io\/wp-content\/uploads\/2024\/09\/header-logo.svg","width":275,"height":58,"caption":"Evidency"},"image":{"@id":"https:\/\/evidency.io\/en\/#\/schema\/logo\/image\/"},"sameAs":["https:\/\/www.linkedin.com\/company\/evidency-io\/"]}]}},"_links":{"self":[{"href":"https:\/\/evidency.io\/en\/wp-json\/wp\/v2\/pages\/4019","targetHints":{"allow":["GET"]}}],"collection":[{"href":"https:\/\/evidency.io\/en\/wp-json\/wp\/v2\/pages"}],"about":[{"href":"https:\/\/evidency.io\/en\/wp-json\/wp\/v2\/types\/page"}],"author":[{"embeddable":true,"href":"https:\/\/evidency.io\/en\/wp-json\/wp\/v2\/users\/246879328"}],"replies":[{"embeddable":true,"href":"https:\/\/evidency.io\/en\/wp-json\/wp\/v2\/comments?post=4019"}],"version-history":[{"count":1,"href":"https:\/\/evidency.io\/en\/wp-json\/wp\/v2\/pages\/4019\/revisions"}],"predecessor-version":[{"id":10157,"href":"https:\/\/evidency.io\/en\/wp-json\/wp\/v2\/pages\/4019\/revisions\/10157"}],"wp:attachment":[{"href":"https:\/\/evidency.io\/en\/wp-json\/wp\/v2\/media?parent=4019"}],"curies":[{"name":"wp","href":"https:\/\/api.w.org\/{rel}","templated":true}]}}