{"id":11954,"date":"2024-05-12T02:26:42","date_gmt":"2024-05-12T00:26:42","guid":{"rendered":"https:\/\/evidency.io\/pongase-en-contacto-con\/"},"modified":"2026-02-27T12:24:39","modified_gmt":"2026-02-27T11:24:39","slug":"contacto","status":"publish","type":"page","link":"https:\/\/evidency.io\/es\/contacto\/","title":{"rendered":"Contacto"},"content":{"rendered":"<p>[et_pb_section fb_built=\u00bb1\u2033 custom_padding_last_edited=\u00bbon|phone\u00bb _builder_version=\u00bb4.25.1\u2033 _module_preset=\u00bbdefault\u00bb background_color=\u00bbgcid-de56746c-5019-44c5-9aa3-e68561b14a98\u2033 custom_margin=\u00bb||-2px||false|false\u00bb custom_padding=\u00bb||0px||false|false\u00bb custom_padding_tablet=\u00bb10%||||false|false\u00bb custom_padding_phone=\u00bb10%||0px||false|false\u00bb global_colors_info=\u00bb{%22gcid-de56746c-5019-44c5-9aa3-e68561b14a98%22:%91%22background_color%22%93}\u00bb][et_pb_row custom_padding_last_edited=\u00bbon|desktop\u00bb _builder_version=\u00bb4.25.1\u2033 _module_preset=\u00bb55cb5198-f877-4aef-a4fb-08b4f0edc145\u2033 custom_padding=\u00bb||0px||false|false\u00bb custom_padding_tablet=\u00bb||0px||false|false\u00bb custom_padding_phone=\u00bb||0px||false|false\u00bb custom_css_main_element=\u00bbalign-items: center;\u00bb global_colors_info=\u00bb{}\u00bb][et_pb_column type=\u00bb4_4\u2033 _builder_version=\u00bb4.25.1\u2033 _module_preset=\u00bbdefault\u00bb global_colors_info=\u00bb{}\u00bb][et_pb_text _builder_version=\u00bb4.25.1\u2033 _module_preset=\u00bb1d153ad0-1201-4b87-a256-2bf06c3833dd\u00bb header_font=\u00bbPoppins|600|||||||\u00bb header_text_color=\u00bbgcid-a257e6c6-29da-4a91-b62f-197a41b3f0b0\u2033 header_font_size=\u00bb50px\u00bb header_font_size_last_edited=\u00bboff|desktop\u00bb global_colors_info=\u00bb{%22gcid-a257e6c6-29da-4a91-b62f-197a41b3f0b0%22:%91%22header_text_color%22%93}\u00bb]<\/p>\n<h1>Contacto<\/h1>\n<p>[\/et_pb_text][\/et_pb_column][\/et_pb_row][\/et_pb_section][et_pb_section fb_built=\u00bb1\u2033 _builder_version=\u00bb4.25.1\u2033 _module_preset=\u00bbdefault\u00bb background_enable_color=\u00bboff\u00bb custom_margin=\u00bb||||false|false\u00bb custom_padding=\u00bb||||false|false\u00bb global_colors_info=\u00bb{%22gcid-de56746c-5019-44c5-9aa3-e68561b14a98%22:%91%22background_color%22%93}\u00bb][et_pb_row column_structure=\u00bb3_5,2_5\u2033 gutter_width=\u00bb4\u2033 make_equal=\u00bboff\u00bb _builder_version=\u00bb4.25.1\u2033 _module_preset=\u00bb55cb5198-f877-4aef-a4fb-08b4f0edc145\u2033 custom_padding=\u00bb0px|||||\u00bb global_colors_info=\u00bb{}\u00bb][et_pb_column type=\u00bb3_5\u2033 _builder_version=\u00bb4.25.1\u2033 _module_preset=\u00bbdefault\u00bb background_color=\u00bb#FFFFFF\u00bb custom_padding=\u00bb||||true|true\u00bb custom_padding_tablet=\u00bb||||true|true\u00bb custom_padding_phone=\u00bb||||true|true\u00bb custom_padding_last_edited=\u00bbon|phone\u00bb hover_enabled=\u00bb0\u2033 global_colors_info=\u00bb{}\u00bb sticky_enabled=\u00bb0\u2033][et_pb_code _builder_version=\u00bb4.27.5\u2033 _module_preset=\u00bbdefault\u00bb hover_enabled=\u00bb0\u2033 global_colors_info=\u00bb{}\u00bb sticky_enabled=\u00bb0\u2033]<script charset=\"utf-8\" type=\"text\/javascript\" src=\"\/\/js.hsforms.net\/forms\/embed\/v2.js\"><\/script><!-- [et_pb_line_break_holder] --><script><!-- [et_pb_line_break_holder] -->  hbspt.forms.create({<!-- [et_pb_line_break_holder] -->    portalId: \"8906079\",<!-- [et_pb_line_break_holder] -->    formId: \"7d8bea25-6688-4acd-9926-a0ea9d3768ab\",<!-- [et_pb_line_break_holder] -->    region: \"na1\"<!-- [et_pb_line_break_holder] -->  });<!-- [et_pb_line_break_holder] --><\/script>[\/et_pb_code][\/et_pb_column][et_pb_column type=\u00bb2_5\u2033 _builder_version=\u00bb4.25.1\u2033 _module_preset=\u00bbdefault\u00bb background_color=\u00bb#FFFFFF\u00bb custom_padding=\u00bb||||true|true\u00bb custom_padding_tablet=\u00bb||||true|true\u00bb custom_padding_phone=\u00bb||||true|true\u00bb custom_padding_last_edited=\u00bbon|phone\u00bb global_colors_info=\u00bb{}\u00bb][et_pb_text _builder_version=\u00bb4.25.1\u2033 _module_preset=\u00bb638cf477-2cb9-4f29-b068-5ffbd85cc1a5\u2033 text_orientation=\u00bbleft\u00bb custom_margin=\u00bb||50px||false|false\u00bb custom_padding=\u00bb0%|0%|0%|0%|true|true\u00bb global_colors_info=\u00bb{}\u00bb]<\/p>\n<p>Nuestro equipo de expertos t\u00e9cnicos y jur\u00eddicos est\u00e1 a su disposici\u00f3n para ayudarle a evaluar sus necesidades y crear su itinerario de gesti\u00f3n de pruebas.<\/p>\n<p>[\/et_pb_text][et_pb_text _builder_version=\u00bb4.25.1\u2033 _module_preset=\u00bbdefault\u00bb text_font=\u00bbPoppins|600|||||||\u00bb text_text_color=\u00bbgcid-a257e6c6-29da-4a91-b62f-197a41b3f0b0\u2033 text_font_size=\u00bb28px\u00bb background_color=\u00bbgcid-de56746c-5019-44c5-9aa3-e68561b14a98\u2033 custom_margin=\u00bb||0px||false|false\u00bb custom_padding=\u00bb7%|7%|20px|7%|false|true\u00bb border_radii=\u00bboff|25px|25px||\u00bb global_colors_info=\u00bb{%22gcid-a257e6c6-29da-4a91-b62f-197a41b3f0b0%22:%91%22text_text_color%22%93,%22gcid-de56746c-5019-44c5-9aa3-e68561b14a98%22:%91%22background_color%22%93}\u00bb]<\/p>\n<p>Nuestras oficinas<\/p>\n<p>[\/et_pb_text][et_pb_text _builder_version=\u00bb4.25.1\u2033 _module_preset=\u00bb30876287-f424-4472-9595-721130f9329a\u00bb link_text_color=\u00bbgcid-0cbbf979-5206-4c61-bbf6-6ed957c0e242\u2033 background_color=\u00bbgcid-de56746c-5019-44c5-9aa3-e68561b14a98\u2033 text_orientation=\u00bbleft\u00bb custom_padding=\u00bb|7%|7%|7%|false|true\u00bb border_radii=\u00bboff|||25px|25px\u00bb global_colors_info=\u00bb{%22gcid-0e393495-7a5b-476d-8180-8798b0f31339%22:%91%22text_text_color%22,%22text_text_color%22,%22text_text_color%22%93,%22gcid-0cbbf979-5206-4c61-bbf6-6ed957c0e242%22:%91%22link_text_color%22%93,%22gcid-de56746c-5019-44c5-9aa3-e68561b14a98%22:%91%22background_color%22%93}\u00bb]<\/p>\n<p><strong>Par\u00eds<\/strong><br>25 rue de la plaine <br>75020 Par\u00eds, Francia<br>+33 (0)6 77 13 52 92<\/p>\n<p><strong>Londres<\/strong><br>Spaces, Mappin House, 4 Winsley St, <br>Londres, W1W 8HF, Reino Unido<\/p>\n<p><strong>Mil\u00e1n<\/strong><br>Corso di Porta Romana, 61<br>20122 Milano MI, Italia<\/p>\n<p><strong>Dubai<\/strong><br>Spaces \u2013 Edificio C1 \u2013 Level 1 Sheikh Zayed Rd<br>Trade Centre \u2013 Trade Centre 2 \u2013 Dubai<\/p>\n<p><strong>Madrid<\/strong><br>Spaces Avalon, Calle de Santa Leonor, 65<br>Edificio D <br>28037, Madrid, Espa\u00f1a<\/p>\n<p><strong>Ginebra<\/strong><br>Rue de Gen\u00e8ve 18<br>1225 Ch\u00eane-Bourg Ginebra, Suiza<\/p>\n<p><a href=\"mailto:contact@evidency.io\">contact@evidency.io<\/a><\/p>\n<p>[\/et_pb_text][\/et_pb_column][\/et_pb_row][\/et_pb_section][et_pb_section fb_built=\u00bb1\u2033 custom_padding_last_edited=\u00bbon|phone\u00bb _builder_version=\u00bb4.27.0\u2033 _module_preset=\u00bbdefault\u00bb background_color=\u00bbgcid-de56746c-5019-44c5-9aa3-e68561b14a98\u2033 background_image=\u00bbhttps:\/\/evidency.io\/wp-content\/uploads\/2024\/09\/logo-coupe-gauche-2.svg\u00bb background_size=\u00bbinitial\u00bb background_position=\u00bbcenter_left\u00bb custom_margin=\u00bb||||false|false\u00bb custom_padding=\u00bb||||true|false\u00bb custom_padding_tablet=\u00bb0px||0px|||\u00bb custom_padding_phone=\u00bb5%||5%||true|false\u00bb background_last_edited=\u00bbon|phone\u00bb background_enable_image_phone=\u00bboff\u00bb global_colors_info=\u00bb{%22gcid-de56746c-5019-44c5-9aa3-e68561b14a98%22:%91%22background_color%22%93}\u00bb][et_pb_row _builder_version=\u00bb4.25.1\u2033 _module_preset=\u00bbdefault\u00bb max_width=\u00bb640px\u00bb custom_margin=\u00bb||2%||false|false\u00bb custom_padding=\u00bb5%||5%||true|false\u00bb global_colors_info=\u00bb{}\u00bb][et_pb_column type=\u00bb4_4\u2033 _builder_version=\u00bb4.25.1\u2033 _module_preset=\u00bbdefault\u00bb global_colors_info=\u00bb{}\u00bb][et_pb_text _builder_version=\u00bb4.25.1\u2033 _module_preset=\u00bb30876287-f424-4472-9595-721130f9329a\u00bb text_orientation=\u00bbleft\u00bb global_colors_info=\u00bb{}\u00bb]<\/p>\n<p>Evidency permite a las empresas proteger f\u00e1cilmente grandes vol\u00famenes de datos y documentos cr\u00edticos con fines probatorios<\/p>\n<p>Comprendemos la importancia crucial de <strong>proporcionar pruebas s\u00f3lidas e indiscutibles<\/strong> en un mundo digital en constante evoluci\u00f3n. Por eso, nuestro equipo de expertos combina los conocimientos t\u00e9cnicos en materia de sellado de tiempo y seguridad de datos con un profundo conocimiento de los requisitos legales y reglamentarios. <\/p>\n<p>Tanto si necesita asegurar sus transacciones en l\u00ednea, proteger sus documentos confidenciales o garantizar la integridad de sus datos, estamos aqu\u00ed para <strong>guiarle en cada paso del camino<\/strong>. Conf\u00ede en nuestra doble experiencia para ofrecerle soluciones fiables adaptadas a sus necesidades espec\u00edficas de gesti\u00f3n de pruebas digitales. <\/p>\n<p>Evidency es una <strong>marca del grupo APP Solutions<\/strong>.<\/p>\n<p>[\/et_pb_text][\/et_pb_column][\/et_pb_row][\/et_pb_section]<\/p>\n\n\n","protected":false},"excerpt":{"rendered":"<p>ContactoNuestro equipo de expertos t\u00e9cnicos y jur\u00eddicos est\u00e1 a su disposici\u00f3n para ayudarle a evaluar sus necesidades y crear su itinerario de gesti\u00f3n de pruebas.Nuestras oficinasPar\u00eds25 rue de la plaine 75020 Par\u00eds, Francia+33 (0)6 77 13 52 92 LondresSpaces, Mappin House, 4 Winsley St, Londres, W1W 8HF, Reino Unido Mil\u00e1nCorso di Porta Romana, 6120122 Milano [&hellip;]<\/p>\n","protected":false},"author":246879328,"featured_media":0,"parent":0,"menu_order":0,"comment_status":"closed","ping_status":"closed","template":"","meta":{"_acf_changed":false,"_et_pb_use_builder":"on","_et_pb_old_content":"","_et_gb_content_width":"","_lmt_disableupdate":"","_lmt_disable":"","footnotes":""},"class_list":["post-11954","page","type-page","status-publish","hentry"],"acf":[],"yoast_head":"<!-- This site is optimized with the Yoast SEO plugin v26.6 - https:\/\/yoast.com\/wordpress\/plugins\/seo\/ -->\n<title>Contactar con Evidency<\/title>\n<meta name=\"description\" content=\"P\u00f3ngase en contacto con nuestro equipo de expertos para evaluar sus necesidades de sellado electr\u00f3nico de tiempo cualificado o precintado electr\u00f3nico. Presupuesto personalizado\" \/>\n<meta name=\"robots\" content=\"index, follow, max-snippet:-1, max-image-preview:large, max-video-preview:-1\" \/>\n<link rel=\"canonical\" href=\"https:\/\/evidency.io\/es\/contacto\/\" \/>\n<meta property=\"og:locale\" content=\"es_ES\" \/>\n<meta property=\"og:type\" content=\"article\" \/>\n<meta property=\"og:title\" content=\"Contactar con Evidency\" \/>\n<meta property=\"og:description\" content=\"P\u00f3ngase en contacto con nuestro equipo de expertos para evaluar sus necesidades de sellado electr\u00f3nico de tiempo cualificado o precintado electr\u00f3nico. Presupuesto personalizado\" \/>\n<meta property=\"og:url\" content=\"https:\/\/evidency.io\/es\/contacto\/\" \/>\n<meta property=\"og:site_name\" content=\"Evidency\" \/>\n<meta property=\"article:modified_time\" content=\"2026-02-27T11:24:39+00:00\" \/>\n<meta property=\"og:image\" content=\"https:\/\/evidency.io\/wp-content\/uploads\/2025\/11\/Preview-website-pages.webp\" \/>\n\t<meta property=\"og:image:width\" content=\"1200\" \/>\n\t<meta property=\"og:image:height\" content=\"675\" \/>\n\t<meta property=\"og:image:type\" content=\"image\/webp\" \/>\n<meta name=\"twitter:card\" content=\"summary_large_image\" \/>\n<meta name=\"twitter:label1\" content=\"Tiempo de lectura\" \/>\n\t<meta name=\"twitter:data1\" content=\"2 minutos\" \/>\n<script type=\"application\/ld+json\" class=\"yoast-schema-graph\">{\"@context\":\"https:\/\/schema.org\",\"@graph\":[{\"@type\":\"WebPage\",\"@id\":\"https:\/\/evidency.io\/es\/contacto\/\",\"url\":\"https:\/\/evidency.io\/es\/contacto\/\",\"name\":\"Contactar con Evidency\",\"isPartOf\":{\"@id\":\"https:\/\/evidency.io\/es\/#website\"},\"datePublished\":\"2024-05-12T00:26:42+00:00\",\"dateModified\":\"2026-02-27T11:24:39+00:00\",\"description\":\"P\u00f3ngase en contacto con nuestro equipo de expertos para evaluar sus necesidades de sellado electr\u00f3nico de tiempo cualificado o precintado electr\u00f3nico. Presupuesto personalizado\",\"breadcrumb\":{\"@id\":\"https:\/\/evidency.io\/es\/contacto\/#breadcrumb\"},\"inLanguage\":\"es\",\"potentialAction\":[{\"@type\":\"ReadAction\",\"target\":[\"https:\/\/evidency.io\/es\/contacto\/\"]}]},{\"@type\":\"BreadcrumbList\",\"@id\":\"https:\/\/evidency.io\/es\/contacto\/#breadcrumb\",\"itemListElement\":[{\"@type\":\"ListItem\",\"position\":1,\"name\":\"Evidency\",\"item\":\"https:\/\/evidency.io\/es\/\"},{\"@type\":\"ListItem\",\"position\":2,\"name\":\"Contacto\"}]},{\"@type\":\"WebSite\",\"@id\":\"https:\/\/evidency.io\/es\/#website\",\"url\":\"https:\/\/evidency.io\/es\/\",\"name\":\"Evidency\",\"description\":\"Sp\u00e9cialiste de la preuve num\u00e9rique\",\"publisher\":{\"@id\":\"https:\/\/evidency.io\/es\/#organization\"},\"potentialAction\":[{\"@type\":\"SearchAction\",\"target\":{\"@type\":\"EntryPoint\",\"urlTemplate\":\"https:\/\/evidency.io\/es\/?s={search_term_string}\"},\"query-input\":{\"@type\":\"PropertyValueSpecification\",\"valueRequired\":true,\"valueName\":\"search_term_string\"}}],\"inLanguage\":\"es\"},{\"@type\":\"Organization\",\"@id\":\"https:\/\/evidency.io\/es\/#organization\",\"name\":\"Evidency\",\"url\":\"https:\/\/evidency.io\/es\/\",\"logo\":{\"@type\":\"ImageObject\",\"inLanguage\":\"es\",\"@id\":\"https:\/\/evidency.io\/es\/#\/schema\/logo\/image\/\",\"url\":\"https:\/\/evidency.io\/wp-content\/uploads\/2024\/09\/header-logo.svg\",\"contentUrl\":\"https:\/\/evidency.io\/wp-content\/uploads\/2024\/09\/header-logo.svg\",\"width\":275,\"height\":58,\"caption\":\"Evidency\"},\"image\":{\"@id\":\"https:\/\/evidency.io\/es\/#\/schema\/logo\/image\/\"},\"sameAs\":[\"https:\/\/www.linkedin.com\/company\/evidency-io\/\"]}]}<\/script>\n<!-- \/ Yoast SEO plugin. -->","yoast_head_json":{"title":"Contactar con Evidency","description":"P\u00f3ngase en contacto con nuestro equipo de expertos para evaluar sus necesidades de sellado electr\u00f3nico de tiempo cualificado o precintado electr\u00f3nico. Presupuesto personalizado","robots":{"index":"index","follow":"follow","max-snippet":"max-snippet:-1","max-image-preview":"max-image-preview:large","max-video-preview":"max-video-preview:-1"},"canonical":"https:\/\/evidency.io\/es\/contacto\/","og_locale":"es_ES","og_type":"article","og_title":"Contactar con Evidency","og_description":"P\u00f3ngase en contacto con nuestro equipo de expertos para evaluar sus necesidades de sellado electr\u00f3nico de tiempo cualificado o precintado electr\u00f3nico. Presupuesto personalizado","og_url":"https:\/\/evidency.io\/es\/contacto\/","og_site_name":"Evidency","article_modified_time":"2026-02-27T11:24:39+00:00","og_image":[{"width":1200,"height":675,"url":"https:\/\/evidency.io\/wp-content\/uploads\/2025\/11\/Preview-website-pages.webp","type":"image\/webp"}],"twitter_card":"summary_large_image","twitter_misc":{"Tiempo de lectura":"2 minutos"},"schema":{"@context":"https:\/\/schema.org","@graph":[{"@type":"WebPage","@id":"https:\/\/evidency.io\/es\/contacto\/","url":"https:\/\/evidency.io\/es\/contacto\/","name":"Contactar con Evidency","isPartOf":{"@id":"https:\/\/evidency.io\/es\/#website"},"datePublished":"2024-05-12T00:26:42+00:00","dateModified":"2026-02-27T11:24:39+00:00","description":"P\u00f3ngase en contacto con nuestro equipo de expertos para evaluar sus necesidades de sellado electr\u00f3nico de tiempo cualificado o precintado electr\u00f3nico. Presupuesto personalizado","breadcrumb":{"@id":"https:\/\/evidency.io\/es\/contacto\/#breadcrumb"},"inLanguage":"es","potentialAction":[{"@type":"ReadAction","target":["https:\/\/evidency.io\/es\/contacto\/"]}]},{"@type":"BreadcrumbList","@id":"https:\/\/evidency.io\/es\/contacto\/#breadcrumb","itemListElement":[{"@type":"ListItem","position":1,"name":"Evidency","item":"https:\/\/evidency.io\/es\/"},{"@type":"ListItem","position":2,"name":"Contacto"}]},{"@type":"WebSite","@id":"https:\/\/evidency.io\/es\/#website","url":"https:\/\/evidency.io\/es\/","name":"Evidency","description":"Sp\u00e9cialiste de la preuve num\u00e9rique","publisher":{"@id":"https:\/\/evidency.io\/es\/#organization"},"potentialAction":[{"@type":"SearchAction","target":{"@type":"EntryPoint","urlTemplate":"https:\/\/evidency.io\/es\/?s={search_term_string}"},"query-input":{"@type":"PropertyValueSpecification","valueRequired":true,"valueName":"search_term_string"}}],"inLanguage":"es"},{"@type":"Organization","@id":"https:\/\/evidency.io\/es\/#organization","name":"Evidency","url":"https:\/\/evidency.io\/es\/","logo":{"@type":"ImageObject","inLanguage":"es","@id":"https:\/\/evidency.io\/es\/#\/schema\/logo\/image\/","url":"https:\/\/evidency.io\/wp-content\/uploads\/2024\/09\/header-logo.svg","contentUrl":"https:\/\/evidency.io\/wp-content\/uploads\/2024\/09\/header-logo.svg","width":275,"height":58,"caption":"Evidency"},"image":{"@id":"https:\/\/evidency.io\/es\/#\/schema\/logo\/image\/"},"sameAs":["https:\/\/www.linkedin.com\/company\/evidency-io\/"]}]}},"_links":{"self":[{"href":"https:\/\/evidency.io\/es\/wp-json\/wp\/v2\/pages\/11954","targetHints":{"allow":["GET"]}}],"collection":[{"href":"https:\/\/evidency.io\/es\/wp-json\/wp\/v2\/pages"}],"about":[{"href":"https:\/\/evidency.io\/es\/wp-json\/wp\/v2\/types\/page"}],"author":[{"embeddable":true,"href":"https:\/\/evidency.io\/es\/wp-json\/wp\/v2\/users\/246879328"}],"replies":[{"embeddable":true,"href":"https:\/\/evidency.io\/es\/wp-json\/wp\/v2\/comments?post=11954"}],"version-history":[{"count":8,"href":"https:\/\/evidency.io\/es\/wp-json\/wp\/v2\/pages\/11954\/revisions"}],"predecessor-version":[{"id":12108,"href":"https:\/\/evidency.io\/es\/wp-json\/wp\/v2\/pages\/11954\/revisions\/12108"}],"wp:attachment":[{"href":"https:\/\/evidency.io\/es\/wp-json\/wp\/v2\/media?parent=11954"}],"curies":[{"name":"wp","href":"https:\/\/api.w.org\/{rel}","templated":true}]}}